{"id":479,"date":"2024-11-03T11:14:55","date_gmt":"2024-11-03T14:14:55","guid":{"rendered":"https:\/\/comentandonline.com\/?page_id=479"},"modified":"2026-02-13T17:43:38","modified_gmt":"2026-02-13T20:43:38","slug":"sussurro-universitario","status":"publish","type":"page","link":"https:\/\/comentandonline.com\/?page_id=479","title":{"rendered":"Sussurro Universit\u00e1rio:"},"content":{"rendered":"\n<div class=\"wp-block-group alignfull has-background has-global-padding is-content-justification-center is-layout-constrained wp-container-core-group-is-layout-0425e432 wp-block-group-is-layout-constrained\" style=\"background-color:#eee3e3;margin-top:0;margin-bottom:0;padding-top:calc( 0.5 * var(--wp--style--root--padding-right, var(--wp--custom--gap--horizontal)));padding-right:var(--wp--style--root--padding-right, var(--wp--custom--gap--horizontal));padding-bottom:calc( 0.5 * var(--wp--style--root--padding-right, var(--wp--custom--gap--horizontal)));padding-left:var(--wp--style--root--padding-left, var(--wp--custom--gap--horizontal))\">\n<div style=\"height:calc( 0.25 * var(--wp--style--root--padding-right, var(--wp--custom--gap--horizontal)))\" aria-hidden=\"true\" class=\"wp-block-spacer\"><\/div>\n\n\n\n<div class=\"wp-block-media-text is-stacked-on-mobile\"><figure class=\"wp-block-media-text__media\"><img data-recalc-dims=\"1\" loading=\"lazy\" decoding=\"async\" width=\"1024\" height=\"1024\" data-attachment-id=\"602\" data-permalink=\"https:\/\/comentandonline.com\/?attachment_id=602\" data-orig-file=\"https:\/\/i0.wp.com\/comentandonline.com\/wp-content\/uploads\/2025\/06\/NA-REDACAO-6.png?fit=1080%2C1080&amp;ssl=1\" data-orig-size=\"1080,1080\" data-comments-opened=\"1\" data-image-meta=\"{&quot;aperture&quot;:&quot;0&quot;,&quot;credit&quot;:&quot;&quot;,&quot;camera&quot;:&quot;&quot;,&quot;caption&quot;:&quot;&quot;,&quot;created_timestamp&quot;:&quot;0&quot;,&quot;copyright&quot;:&quot;&quot;,&quot;focal_length&quot;:&quot;0&quot;,&quot;iso&quot;:&quot;0&quot;,&quot;shutter_speed&quot;:&quot;0&quot;,&quot;title&quot;:&quot;&quot;,&quot;orientation&quot;:&quot;0&quot;}\" data-image-title=\"NA REDA\u00c7\u00c3O (6)\" data-image-description=\"\" data-image-caption=\"\" data-large-file=\"https:\/\/i0.wp.com\/comentandonline.com\/wp-content\/uploads\/2025\/06\/NA-REDACAO-6.png?fit=1024%2C1024&amp;ssl=1\" src=\"https:\/\/i0.wp.com\/comentandonline.com\/wp-content\/uploads\/2025\/06\/NA-REDACAO-6.png?resize=1024%2C1024&#038;ssl=1\" alt=\"\" class=\"wp-image-602 size-full\" srcset=\"https:\/\/i0.wp.com\/comentandonline.com\/wp-content\/uploads\/2025\/06\/NA-REDACAO-6.png?resize=1024%2C1024&amp;ssl=1 1024w, https:\/\/i0.wp.com\/comentandonline.com\/wp-content\/uploads\/2025\/06\/NA-REDACAO-6.png?resize=300%2C300&amp;ssl=1 300w, https:\/\/i0.wp.com\/comentandonline.com\/wp-content\/uploads\/2025\/06\/NA-REDACAO-6.png?resize=150%2C150&amp;ssl=1 150w, https:\/\/i0.wp.com\/comentandonline.com\/wp-content\/uploads\/2025\/06\/NA-REDACAO-6.png?resize=768%2C768&amp;ssl=1 768w, https:\/\/i0.wp.com\/comentandonline.com\/wp-content\/uploads\/2025\/06\/NA-REDACAO-6.png?w=1080&amp;ssl=1 1080w\" sizes=\"auto, (max-width: 1000px) 100vw, 1000px\" \/><\/figure><div class=\"wp-block-media-text__content\">\n<p class=\"has-text-align-justify has-text-align-justify\">Bem-vindo(a) ao <strong>&#8216;Sussurro Universit\u00e1rio&#8217;<\/strong>, uma iniciativa da <strong>Rede Porto Produ\u00e7\u00f5es<\/strong> atrav\u00e9s do portal <strong>Comentando Online<\/strong> cujo objetivo \u00e9 resenhar sobre os trabalhos universit\u00e1rios e contribuir para um ambiente mais colaborativo ao visibilizar o esfor\u00e7o estudantil. Al\u00e9m dessa iniciativa enriquecer o portal, tornando-o um espa\u00e7o din\u00e2mico com diversos conte\u00fados que valorizam o conhecimento compartilhado, destacam os trabalhos fora da sala de aula e torna a p\u00e1gina um ponto de encontro que pode resultar em parcerias e colabora\u00e7\u00f5es futuras.<\/p>\n<\/div><\/div>\n<\/div>\n","protected":false},"excerpt":{"rendered":"<p>Bem-vindo(a) ao &#8216;Sussurro Universit\u00e1rio&#8217;, uma iniciativa da Rede Porto Produ\u00e7\u00f5es atrav\u00e9s do portal Comentando Online cujo objetivo \u00e9 resenhar sobre os trabalhos universit\u00e1rios e contribuir para um ambiente mais colaborativo ao visibilizar o esfor\u00e7o estudantil. Al\u00e9m dessa iniciativa enriquecer o portal, tornando-o um espa\u00e7o din\u00e2mico com diversos conte\u00fados que valorizam o conhecimento compartilhado, destacam os [&hellip;]<\/p>\n","protected":false},"author":253222392,"featured_media":0,"parent":0,"menu_order":0,"comment_status":"closed","ping_status":"closed","template":"","meta":{"advanced_seo_description":"","jetpack_seo_html_title":"","jetpack_seo_noindex":false,"footnotes":""},"class_list":["post-479","page","type-page","status-publish","hentry"],"jetpack_likes_enabled":true,"jetpack_sharing_enabled":true,"jetpack_shortlink":"https:\/\/wp.me\/Pg7Eu3-7J","jetpack-related-posts":[],"rttpg_featured_image_url":null,"rttpg_author":{"display_name":"Rede Porto Produ\u00e7\u00f5es.","author_link":"https:\/\/comentandonline.com\/?author=253222392"},"rttpg_comment":0,"rttpg_category":null,"rttpg_excerpt":"Bem-vindo(a) ao &#8216;Sussurro Universit\u00e1rio&#8217;, uma iniciativa da Rede Porto Produ\u00e7\u00f5es atrav\u00e9s do portal Comentando Online cujo objetivo \u00e9 resenhar sobre os trabalhos universit\u00e1rios e contribuir para um ambiente mais colaborativo ao visibilizar o esfor\u00e7o estudantil. Al\u00e9m dessa iniciativa enriquecer o portal, tornando-o um espa\u00e7o din\u00e2mico com diversos conte\u00fados que valorizam o conhecimento compartilhado, destacam os&hellip;","_links":{"self":[{"href":"https:\/\/comentandonline.com\/index.php?rest_route=\/wp\/v2\/pages\/479","targetHints":{"allow":["GET"]}}],"collection":[{"href":"https:\/\/comentandonline.com\/index.php?rest_route=\/wp\/v2\/pages"}],"about":[{"href":"https:\/\/comentandonline.com\/index.php?rest_route=\/wp\/v2\/types\/page"}],"author":[{"embeddable":true,"href":"https:\/\/comentandonline.com\/index.php?rest_route=\/wp\/v2\/users\/253222392"}],"replies":[{"embeddable":true,"href":"https:\/\/comentandonline.com\/index.php?rest_route=%2Fwp%2Fv2%2Fcomments&post=479"}],"version-history":[{"count":9,"href":"https:\/\/comentandonline.com\/index.php?rest_route=\/wp\/v2\/pages\/479\/revisions"}],"predecessor-version":[{"id":845,"href":"https:\/\/comentandonline.com\/index.php?rest_route=\/wp\/v2\/pages\/479\/revisions\/845"}],"wp:attachment":[{"href":"https:\/\/comentandonline.com\/index.php?rest_route=%2Fwp%2Fv2%2Fmedia&parent=479"}],"curies":[{"name":"wp","href":"https:\/\/api.w.org\/{rel}","templated":true}]}}