{"id":796,"date":"2026-02-13T17:36:18","date_gmt":"2026-02-13T20:36:18","guid":{"rendered":"https:\/\/comentandonline.com\/?page_id=796"},"modified":"2026-02-13T17:36:18","modified_gmt":"2026-02-13T20:36:18","slug":"analises-filmicas","status":"publish","type":"page","link":"https:\/\/comentandonline.com\/?page_id=796","title":{"rendered":"An\u00e1lises f\u00edlmicas:"},"content":{"rendered":"\n<div class=\"wp-block-media-text is-stacked-on-mobile\"><figure class=\"wp-block-media-text__media\"><img data-recalc-dims=\"1\" loading=\"lazy\" decoding=\"async\" width=\"683\" height=\"1024\" data-attachment-id=\"841\" data-permalink=\"https:\/\/comentandonline.com\/?attachment_id=841\" data-orig-file=\"https:\/\/i0.wp.com\/comentandonline.com\/wp-content\/uploads\/2026\/02\/Comentando.jpg?fit=1024%2C1536&amp;ssl=1\" data-orig-size=\"1024,1536\" data-comments-opened=\"1\" data-image-meta=\"{&quot;aperture&quot;:&quot;0&quot;,&quot;credit&quot;:&quot;&quot;,&quot;camera&quot;:&quot;&quot;,&quot;caption&quot;:&quot;&quot;,&quot;created_timestamp&quot;:&quot;0&quot;,&quot;copyright&quot;:&quot;&quot;,&quot;focal_length&quot;:&quot;0&quot;,&quot;iso&quot;:&quot;0&quot;,&quot;shutter_speed&quot;:&quot;0&quot;,&quot;title&quot;:&quot;&quot;,&quot;orientation&quot;:&quot;0&quot;}\" data-image-title=\"Comentando\" data-image-description=\"\" data-image-caption=\"\" data-large-file=\"https:\/\/i0.wp.com\/comentandonline.com\/wp-content\/uploads\/2026\/02\/Comentando.jpg?fit=683%2C1024&amp;ssl=1\" src=\"https:\/\/i0.wp.com\/comentandonline.com\/wp-content\/uploads\/2026\/02\/Comentando.jpg?resize=683%2C1024&#038;ssl=1\" alt=\"\" class=\"wp-image-841 size-full\" srcset=\"https:\/\/i0.wp.com\/comentandonline.com\/wp-content\/uploads\/2026\/02\/Comentando.jpg?resize=683%2C1024&amp;ssl=1 683w, https:\/\/i0.wp.com\/comentandonline.com\/wp-content\/uploads\/2026\/02\/Comentando.jpg?resize=200%2C300&amp;ssl=1 200w, https:\/\/i0.wp.com\/comentandonline.com\/wp-content\/uploads\/2026\/02\/Comentando.jpg?resize=768%2C1152&amp;ssl=1 768w, https:\/\/i0.wp.com\/comentandonline.com\/wp-content\/uploads\/2026\/02\/Comentando.jpg?resize=600%2C900&amp;ssl=1 600w, https:\/\/i0.wp.com\/comentandonline.com\/wp-content\/uploads\/2026\/02\/Comentando.jpg?w=1024&amp;ssl=1 1024w\" sizes=\"auto, (max-width: 683px) 100vw, 683px\" \/><\/figure><div class=\"wp-block-media-text__content\">\n<p class=\"has-text-align-justify has-text-align-justify\">Nesta p\u00e1<a href=\"https:\/\/www.instagram.com\/tirolesaparamirim\/\">g<\/a>ina, voc\u00ea encontra an\u00e1lises sobre filmes, s\u00e9ries e outras produ\u00e7\u00f5es no contexto social e reflexivo de suas hist\u00f3rias. Al\u00e9m de te responder o que elas t\u00eam a ver com as nossas vidas!<\/p>\n<\/div><\/div>\n","protected":false},"excerpt":{"rendered":"<p>Nesta p\u00e1gina, voc\u00ea encontra an\u00e1lises sobre filmes, s\u00e9ries e outras produ\u00e7\u00f5es no contexto social e reflexivo de suas hist\u00f3rias. Al\u00e9m de te responder o que elas t\u00eam a ver com as nossas vidas!<\/p>\n","protected":false},"author":253222392,"featured_media":0,"parent":0,"menu_order":0,"comment_status":"closed","ping_status":"closed","template":"","meta":{"advanced_seo_description":"","jetpack_seo_html_title":"","jetpack_seo_noindex":false,"footnotes":""},"class_list":["post-796","page","type-page","status-publish","hentry"],"jetpack_likes_enabled":true,"jetpack_sharing_enabled":true,"jetpack_shortlink":"https:\/\/wp.me\/Pg7Eu3-cQ","jetpack-related-posts":[{"id":456,"url":"https:\/\/comentandonline.com\/?page_id=456","url_meta":{"origin":796,"position":0},"title":"NA REDA\u00c7\u00c3O &#8211; OS DESAFIOS ATUAIS","author":"Rede Porto Produ\u00e7\u00f5es.","date":"3 de novembro de 2024","format":false,"excerpt":"\u2018Na Reda\u00e7\u00e3o: Os Desafios Atuais\u2019 \u00e9 uma p\u00e1gina do portal Comentando Online e um podcast produzido pela Rede Porto Produ\u00e7\u00f5es que explora como a sociedade brasileira \u00e9 afetada pelo tema abordado em cada epis\u00f3dio do podcast, para o p\u00fablico se informar com qualidade e obter uma reflex\u00e3o acerca do tema\u2026","rel":"","context":"Post similar","block_context":{"text":"Post similar","link":""},"img":{"alt_text":"","src":"https:\/\/i0.wp.com\/comentandonline.com\/wp-content\/uploads\/2025\/06\/2.jpg?resize=350%2C200&ssl=1","width":350,"height":200,"srcset":"https:\/\/i0.wp.com\/comentandonline.com\/wp-content\/uploads\/2025\/06\/2.jpg?resize=350%2C200&ssl=1 1x, https:\/\/i0.wp.com\/comentandonline.com\/wp-content\/uploads\/2025\/06\/2.jpg?resize=525%2C300&ssl=1 1.5x, https:\/\/i0.wp.com\/comentandonline.com\/wp-content\/uploads\/2025\/06\/2.jpg?resize=700%2C400&ssl=1 2x, https:\/\/i0.wp.com\/comentandonline.com\/wp-content\/uploads\/2025\/06\/2.jpg?resize=1050%2C600&ssl=1 3x"},"classes":[]},{"id":354,"url":"https:\/\/comentandonline.com\/?page_id=354","url_meta":{"origin":796,"position":1},"title":"Sobre","author":"Rede Porto Produ\u00e7\u00f5es.","date":"1 de novembro de 2024","format":false,"excerpt":"Ol\u00e1!Sou Regel, natural de Paramirim - BA, graduado em Comunica\u00e7\u00e3o Social - R\u00e1dio e TV pela UNEB - CAMPUS XIV e p\u00f3s-graduado em: Marketing Digital e Assessoria e Gest\u00e3o da Comunica\u00e7\u00e3o. E, atualmente, estou concluindo outra p\u00f3s em Jornalismo Esportivo.Sou Produtor cultural pelo Cria Bahia Criativa - curso promovido pelo\u2026","rel":"","context":"Post similar","block_context":{"text":"Post similar","link":""},"img":{"alt_text":"","src":"https:\/\/i0.wp.com\/comentandonline.com\/wp-content\/uploads\/2025\/06\/GLOBO-ADS-NOVA-FOTO-e1750092872728.png?resize=350%2C200&ssl=1","width":350,"height":200},"classes":[]}],"rttpg_featured_image_url":null,"rttpg_author":{"display_name":"Rede Porto Produ\u00e7\u00f5es.","author_link":"https:\/\/comentandonline.com\/?author=253222392"},"rttpg_comment":0,"rttpg_category":null,"rttpg_excerpt":"Nesta p\u00e1gina, voc\u00ea encontra an\u00e1lises sobre filmes, s\u00e9ries e outras produ\u00e7\u00f5es no contexto social e reflexivo de suas hist\u00f3rias. Al\u00e9m de te responder o que elas t\u00eam a ver com as nossas vidas!","_links":{"self":[{"href":"https:\/\/comentandonline.com\/index.php?rest_route=\/wp\/v2\/pages\/796","targetHints":{"allow":["GET"]}}],"collection":[{"href":"https:\/\/comentandonline.com\/index.php?rest_route=\/wp\/v2\/pages"}],"about":[{"href":"https:\/\/comentandonline.com\/index.php?rest_route=\/wp\/v2\/types\/page"}],"author":[{"embeddable":true,"href":"https:\/\/comentandonline.com\/index.php?rest_route=\/wp\/v2\/users\/253222392"}],"replies":[{"embeddable":true,"href":"https:\/\/comentandonline.com\/index.php?rest_route=%2Fwp%2Fv2%2Fcomments&post=796"}],"version-history":[{"count":2,"href":"https:\/\/comentandonline.com\/index.php?rest_route=\/wp\/v2\/pages\/796\/revisions"}],"predecessor-version":[{"id":842,"href":"https:\/\/comentandonline.com\/index.php?rest_route=\/wp\/v2\/pages\/796\/revisions\/842"}],"wp:attachment":[{"href":"https:\/\/comentandonline.com\/index.php?rest_route=%2Fwp%2Fv2%2Fmedia&parent=796"}],"curies":[{"name":"wp","href":"https:\/\/api.w.org\/{rel}","templated":true}]}}