{"id":829,"date":"2026-02-09T12:36:39","date_gmt":"2026-02-09T15:36:39","guid":{"rendered":"https:\/\/comentandonline.com\/?page_id=829"},"modified":"2026-03-01T14:24:47","modified_gmt":"2026-03-01T17:24:47","slug":"cantinho-da-saudade","status":"publish","type":"page","link":"https:\/\/comentandonline.com\/?page_id=829","title":{"rendered":"Cantinho da Saudade"},"content":{"rendered":"\n<div class=\"wp-block-media-text is-stacked-on-mobile\"><figure class=\"wp-block-media-text__media\"><img data-recalc-dims=\"1\" loading=\"lazy\" decoding=\"async\" width=\"1024\" height=\"1024\" data-attachment-id=\"1593\" data-permalink=\"https:\/\/comentandonline.com\/?attachment_id=1593\" data-orig-file=\"https:\/\/i0.wp.com\/comentandonline.com\/wp-content\/uploads\/2026\/03\/PYsYc8mUT623h7GKn0-uTA%402k.webp?fit=1024%2C1024&amp;ssl=1\" data-orig-size=\"1024,1024\" data-comments-opened=\"1\" data-image-meta=\"{&quot;aperture&quot;:&quot;0&quot;,&quot;credit&quot;:&quot;&quot;,&quot;camera&quot;:&quot;&quot;,&quot;caption&quot;:&quot;&quot;,&quot;created_timestamp&quot;:&quot;0&quot;,&quot;copyright&quot;:&quot;&quot;,&quot;focal_length&quot;:&quot;0&quot;,&quot;iso&quot;:&quot;0&quot;,&quot;shutter_speed&quot;:&quot;0&quot;,&quot;title&quot;:&quot;&quot;,&quot;orientation&quot;:&quot;0&quot;}\" data-image-title=\"PYsYc8mUT623h7GKn0-uTA@2k\" data-image-description=\"\" data-image-caption=\"\" data-medium-file=\"https:\/\/i0.wp.com\/comentandonline.com\/wp-content\/uploads\/2026\/03\/PYsYc8mUT623h7GKn0-uTA%402k.webp?fit=300%2C300&amp;ssl=1\" data-large-file=\"https:\/\/i0.wp.com\/comentandonline.com\/wp-content\/uploads\/2026\/03\/PYsYc8mUT623h7GKn0-uTA%402k.webp?fit=1024%2C1024&amp;ssl=1\" src=\"https:\/\/i0.wp.com\/comentandonline.com\/wp-content\/uploads\/2026\/03\/PYsYc8mUT623h7GKn0-uTA%402k.webp?resize=1024%2C1024&#038;ssl=1\" alt=\"\" class=\"wp-image-1593 size-full\" srcset=\"https:\/\/i0.wp.com\/comentandonline.com\/wp-content\/uploads\/2026\/03\/PYsYc8mUT623h7GKn0-uTA%402k.webp?w=1024&amp;ssl=1 1024w, https:\/\/i0.wp.com\/comentandonline.com\/wp-content\/uploads\/2026\/03\/PYsYc8mUT623h7GKn0-uTA%402k.webp?resize=300%2C300&amp;ssl=1 300w, https:\/\/i0.wp.com\/comentandonline.com\/wp-content\/uploads\/2026\/03\/PYsYc8mUT623h7GKn0-uTA%402k.webp?resize=150%2C150&amp;ssl=1 150w, https:\/\/i0.wp.com\/comentandonline.com\/wp-content\/uploads\/2026\/03\/PYsYc8mUT623h7GKn0-uTA%402k.webp?resize=768%2C768&amp;ssl=1 768w, https:\/\/i0.wp.com\/comentandonline.com\/wp-content\/uploads\/2026\/03\/PYsYc8mUT623h7GKn0-uTA%402k.webp?resize=600%2C600&amp;ssl=1 600w, https:\/\/i0.wp.com\/comentandonline.com\/wp-content\/uploads\/2026\/03\/PYsYc8mUT623h7GKn0-uTA%402k.webp?resize=100%2C100&amp;ssl=1 100w\" sizes=\"auto, (max-width: 1000px) 100vw, 1000px\" \/><\/figure><div class=\"wp-block-media-text__content\">\n<p class=\"has-text-align-justify has-text-align-justify\">Seja bem-vindo e bem-vinda ao cantinho da saudade. Aqui voc\u00ea se encontra em escritos que nos mostram como a saudade \u00e9 um dos principais sentimentos que temos. Talvez, bem talvez, ele seja o melhor dos sentimentos. Aqui voc\u00ea encontrar\u00e1 poemas e textos que refletem sobre o sentir. <\/p>\n<\/div><\/div>\n\n\n\n<p><\/p>\n","protected":false},"excerpt":{"rendered":"<p>Seja bem-vindo e bem-vinda ao cantinho da saudade. Aqui voc\u00ea se encontra em escritos que nos mostram como a saudade \u00e9 um dos principais sentimentos que temos. Talvez, bem talvez, ele seja o melhor dos sentimentos. Aqui voc\u00ea encontrar\u00e1 poemas e textos que refletem sobre o sentir.<\/p>\n","protected":false},"author":253222392,"featured_media":1593,"parent":0,"menu_order":0,"comment_status":"closed","ping_status":"closed","template":"","meta":{"advanced_seo_description":"","jetpack_seo_html_title":"","jetpack_seo_noindex":false,"jetpack_post_was_ever_published":false,"footnotes":""},"class_list":["post-829","page","type-page","status-publish","has-post-thumbnail","hentry"],"jetpack_likes_enabled":true,"jetpack_sharing_enabled":true,"jetpack_shortlink":"https:\/\/wp.me\/Pg7Eu3-dn","jetpack-related-posts":[{"id":704,"url":"https:\/\/comentandonline.com\/?page_id=704","url_meta":{"origin":829,"position":0},"title":"Fotografia independente:","author":"Rede Porto Produ\u00e7\u00f5es.","date":"12 de fevereiro de 2026","format":false,"excerpt":"Ol\u00e1. Seja bem-vindo e bem-vinda. Nesta p\u00e1gina voc\u00ea encontra as fotos independentes que eu fa\u00e7o na tirolesa em Paramirim - BA. Al\u00e9m de outros eventos que ocorrerem na cidade.","rel":"","context":"Post similar","block_context":{"text":"Post similar","link":""},"img":{"alt_text":"","src":"https:\/\/i0.wp.com\/comentandonline.com\/wp-content\/uploads\/2025\/06\/fotos-para-o-blog-1-e1750092220587.jpg?resize=350%2C200&ssl=1","width":350,"height":200,"srcset":"https:\/\/i0.wp.com\/comentandonline.com\/wp-content\/uploads\/2025\/06\/fotos-para-o-blog-1-e1750092220587.jpg?resize=350%2C200&ssl=1 1x, https:\/\/i0.wp.com\/comentandonline.com\/wp-content\/uploads\/2025\/06\/fotos-para-o-blog-1-e1750092220587.jpg?resize=525%2C300&ssl=1 1.5x, https:\/\/i0.wp.com\/comentandonline.com\/wp-content\/uploads\/2025\/06\/fotos-para-o-blog-1-e1750092220587.jpg?resize=700%2C400&ssl=1 2x, https:\/\/i0.wp.com\/comentandonline.com\/wp-content\/uploads\/2025\/06\/fotos-para-o-blog-1-e1750092220587.jpg?resize=1050%2C600&ssl=1 3x"},"classes":[]},{"id":467,"url":"https:\/\/comentandonline.com\/?page_id=467","url_meta":{"origin":829,"position":1},"title":"Simp\u00e1tica Motiva\u00e7\u00e3o","author":"Rede Porto Produ\u00e7\u00f5es.","date":"3 de novembro de 2024","format":false,"excerpt":"Ol\u00e1! Seja bem-vindo (a) ao\u00a0Simp\u00e1tica Motiva\u00e7\u00e3o, o seu ref\u00fagio de inspira\u00e7\u00e3o e coragem! Se inscreva no nosso canal no spotify,\u00a0para que a gente compartilhe mensagens positivas, simp\u00e1ticas e acolhedoras. Melhorando a sua motiva\u00e7\u00e3o, a sua autoestima e te ajudando a alcan\u00e7ar seus sonhos. Aqui, voc\u00ea vai encontrar mensagens motivacionais e\u2026","rel":"","context":"Post similar","block_context":{"text":"Post similar","link":""},"img":{"alt_text":"","src":"https:\/\/i0.wp.com\/comentandonline.com\/wp-content\/uploads\/2025\/06\/Dia-Internacional-do.jpg?resize=350%2C200&ssl=1","width":350,"height":200,"srcset":"https:\/\/i0.wp.com\/comentandonline.com\/wp-content\/uploads\/2025\/06\/Dia-Internacional-do.jpg?resize=350%2C200&ssl=1 1x, https:\/\/i0.wp.com\/comentandonline.com\/wp-content\/uploads\/2025\/06\/Dia-Internacional-do.jpg?resize=525%2C300&ssl=1 1.5x, https:\/\/i0.wp.com\/comentandonline.com\/wp-content\/uploads\/2025\/06\/Dia-Internacional-do.jpg?resize=700%2C400&ssl=1 2x, https:\/\/i0.wp.com\/comentandonline.com\/wp-content\/uploads\/2025\/06\/Dia-Internacional-do.jpg?resize=1050%2C600&ssl=1 3x"},"classes":[]},{"id":479,"url":"https:\/\/comentandonline.com\/?page_id=479","url_meta":{"origin":829,"position":2},"title":"Sussurro Universit\u00e1rio:","author":"Rede Porto Produ\u00e7\u00f5es.","date":"3 de novembro de 2024","format":false,"excerpt":"Bem-vindo(a) ao 'Sussurro Universit\u00e1rio', uma iniciativa da Rede Porto Produ\u00e7\u00f5es atrav\u00e9s do portal Comentando Online cujo objetivo \u00e9 resenhar sobre os trabalhos universit\u00e1rios e contribuir para um ambiente mais colaborativo ao visibilizar o esfor\u00e7o estudantil. Al\u00e9m dessa iniciativa enriquecer o portal, tornando-o um espa\u00e7o din\u00e2mico com diversos conte\u00fados que valorizam\u2026","rel":"","context":"Post similar","block_context":{"text":"Post similar","link":""},"img":{"alt_text":"","src":"https:\/\/i0.wp.com\/comentandonline.com\/wp-content\/uploads\/2025\/06\/NA-REDACAO-6.png?resize=350%2C200&ssl=1","width":350,"height":200,"srcset":"https:\/\/i0.wp.com\/comentandonline.com\/wp-content\/uploads\/2025\/06\/NA-REDACAO-6.png?resize=350%2C200&ssl=1 1x, https:\/\/i0.wp.com\/comentandonline.com\/wp-content\/uploads\/2025\/06\/NA-REDACAO-6.png?resize=525%2C300&ssl=1 1.5x, https:\/\/i0.wp.com\/comentandonline.com\/wp-content\/uploads\/2025\/06\/NA-REDACAO-6.png?resize=700%2C400&ssl=1 2x, https:\/\/i0.wp.com\/comentandonline.com\/wp-content\/uploads\/2025\/06\/NA-REDACAO-6.png?resize=1050%2C600&ssl=1 3x"},"classes":[]},{"id":796,"url":"https:\/\/comentandonline.com\/?page_id=796","url_meta":{"origin":829,"position":3},"title":"An\u00e1lises f\u00edlmicas:","author":"Rede Porto Produ\u00e7\u00f5es.","date":"13 de fevereiro de 2026","format":false,"excerpt":"Nesta p\u00e1gina, voc\u00ea encontra an\u00e1lises sobre filmes, s\u00e9ries e outras produ\u00e7\u00f5es no contexto social e reflexivo de suas hist\u00f3rias. Al\u00e9m de te responder o que elas t\u00eam a ver com as nossas vidas!","rel":"","context":"Post similar","block_context":{"text":"Post similar","link":""},"img":{"alt_text":"","src":"https:\/\/i0.wp.com\/comentandonline.com\/wp-content\/uploads\/2026\/02\/Comentando.jpg?resize=350%2C200&ssl=1","width":350,"height":200,"srcset":"https:\/\/i0.wp.com\/comentandonline.com\/wp-content\/uploads\/2026\/02\/Comentando.jpg?resize=350%2C200&ssl=1 1x, https:\/\/i0.wp.com\/comentandonline.com\/wp-content\/uploads\/2026\/02\/Comentando.jpg?resize=525%2C300&ssl=1 1.5x, https:\/\/i0.wp.com\/comentandonline.com\/wp-content\/uploads\/2026\/02\/Comentando.jpg?resize=700%2C400&ssl=1 2x"},"classes":[]},{"id":473,"url":"https:\/\/comentandonline.com\/?page_id=473","url_meta":{"origin":829,"position":4},"title":"Poemas, poesias e pensamentos","author":"Rede Porto Produ\u00e7\u00f5es.","date":"3 de novembro de 2024","format":false,"excerpt":"Poemas, poesias e pensamentos parecidos com os seus e que a gente pode-se encontrar.","rel":"","context":"Post similar","block_context":{"text":"Post similar","link":""},"img":{"alt_text":"","src":"https:\/\/i0.wp.com\/comentandonline.com\/wp-content\/uploads\/2025\/06\/5.jpg?resize=350%2C200&ssl=1","width":350,"height":200,"srcset":"https:\/\/i0.wp.com\/comentandonline.com\/wp-content\/uploads\/2025\/06\/5.jpg?resize=350%2C200&ssl=1 1x, https:\/\/i0.wp.com\/comentandonline.com\/wp-content\/uploads\/2025\/06\/5.jpg?resize=525%2C300&ssl=1 1.5x, https:\/\/i0.wp.com\/comentandonline.com\/wp-content\/uploads\/2025\/06\/5.jpg?resize=700%2C400&ssl=1 2x, https:\/\/i0.wp.com\/comentandonline.com\/wp-content\/uploads\/2025\/06\/5.jpg?resize=1050%2C600&ssl=1 3x"},"classes":[]}],"rttpg_featured_image_url":{"full":["https:\/\/i0.wp.com\/comentandonline.com\/wp-content\/uploads\/2026\/03\/PYsYc8mUT623h7GKn0-uTA%402k.webp?fit=1024%2C1024&ssl=1",1024,1024,false],"landscape":["https:\/\/comentandonline.com\/wp-content\/uploads\/2026\/03\/PYsYc8mUT623h7GKn0-uTA@2k.webp",1024,1024,false],"portraits":["https:\/\/comentandonline.com\/wp-content\/uploads\/2026\/03\/PYsYc8mUT623h7GKn0-uTA@2k.webp",1024,1024,false],"thumbnail":["https:\/\/i0.wp.com\/comentandonline.com\/wp-content\/uploads\/2026\/03\/PYsYc8mUT623h7GKn0-uTA%402k.webp?resize=150%2C150&ssl=1",150,150,true],"medium":["https:\/\/i0.wp.com\/comentandonline.com\/wp-content\/uploads\/2026\/03\/PYsYc8mUT623h7GKn0-uTA%402k.webp?fit=300%2C300&ssl=1",300,300,true],"large":["https:\/\/i0.wp.com\/comentandonline.com\/wp-content\/uploads\/2026\/03\/PYsYc8mUT623h7GKn0-uTA%402k.webp?fit=1024%2C1024&ssl=1",1024,1024,true],"1536x1536":["https:\/\/i0.wp.com\/comentandonline.com\/wp-content\/uploads\/2026\/03\/PYsYc8mUT623h7GKn0-uTA%402k.webp?fit=1024%2C1024&ssl=1",1024,1024,true],"2048x2048":["https:\/\/i0.wp.com\/comentandonline.com\/wp-content\/uploads\/2026\/03\/PYsYc8mUT623h7GKn0-uTA%402k.webp?fit=1024%2C1024&ssl=1",1024,1024,true],"newspack-article-block-landscape-large":["https:\/\/i0.wp.com\/comentandonline.com\/wp-content\/uploads\/2026\/03\/PYsYc8mUT623h7GKn0-uTA%402k.webp?resize=1024%2C900&ssl=1",1024,900,true],"newspack-article-block-portrait-large":["https:\/\/i0.wp.com\/comentandonline.com\/wp-content\/uploads\/2026\/03\/PYsYc8mUT623h7GKn0-uTA%402k.webp?resize=900%2C1024&ssl=1",900,1024,true],"newspack-article-block-square-large":["https:\/\/i0.wp.com\/comentandonline.com\/wp-content\/uploads\/2026\/03\/PYsYc8mUT623h7GKn0-uTA%402k.webp?resize=1024%2C1024&ssl=1",1024,1024,true],"newspack-article-block-landscape-medium":["https:\/\/i0.wp.com\/comentandonline.com\/wp-content\/uploads\/2026\/03\/PYsYc8mUT623h7GKn0-uTA%402k.webp?resize=800%2C600&ssl=1",800,600,true],"newspack-article-block-portrait-medium":["https:\/\/i0.wp.com\/comentandonline.com\/wp-content\/uploads\/2026\/03\/PYsYc8mUT623h7GKn0-uTA%402k.webp?resize=600%2C800&ssl=1",600,800,true],"newspack-article-block-square-medium":["https:\/\/i0.wp.com\/comentandonline.com\/wp-content\/uploads\/2026\/03\/PYsYc8mUT623h7GKn0-uTA%402k.webp?resize=800%2C800&ssl=1",800,800,true],"newspack-article-block-landscape-intermediate":["https:\/\/i0.wp.com\/comentandonline.com\/wp-content\/uploads\/2026\/03\/PYsYc8mUT623h7GKn0-uTA%402k.webp?resize=600%2C450&ssl=1",600,450,true],"newspack-article-block-portrait-intermediate":["https:\/\/i0.wp.com\/comentandonline.com\/wp-content\/uploads\/2026\/03\/PYsYc8mUT623h7GKn0-uTA%402k.webp?resize=450%2C600&ssl=1",450,600,true],"newspack-article-block-square-intermediate":["https:\/\/i0.wp.com\/comentandonline.com\/wp-content\/uploads\/2026\/03\/PYsYc8mUT623h7GKn0-uTA%402k.webp?resize=600%2C600&ssl=1",600,600,true],"newspack-article-block-landscape-small":["https:\/\/i0.wp.com\/comentandonline.com\/wp-content\/uploads\/2026\/03\/PYsYc8mUT623h7GKn0-uTA%402k.webp?resize=400%2C300&ssl=1",400,300,true],"newspack-article-block-portrait-small":["https:\/\/i0.wp.com\/comentandonline.com\/wp-content\/uploads\/2026\/03\/PYsYc8mUT623h7GKn0-uTA%402k.webp?resize=300%2C400&ssl=1",300,400,true],"newspack-article-block-square-small":["https:\/\/i0.wp.com\/comentandonline.com\/wp-content\/uploads\/2026\/03\/PYsYc8mUT623h7GKn0-uTA%402k.webp?resize=400%2C400&ssl=1",400,400,true],"newspack-article-block-landscape-tiny":["https:\/\/i0.wp.com\/comentandonline.com\/wp-content\/uploads\/2026\/03\/PYsYc8mUT623h7GKn0-uTA%402k.webp?resize=200%2C150&ssl=1",200,150,true],"newspack-article-block-portrait-tiny":["https:\/\/i0.wp.com\/comentandonline.com\/wp-content\/uploads\/2026\/03\/PYsYc8mUT623h7GKn0-uTA%402k.webp?resize=150%2C200&ssl=1",150,200,true],"newspack-article-block-square-tiny":["https:\/\/i0.wp.com\/comentandonline.com\/wp-content\/uploads\/2026\/03\/PYsYc8mUT623h7GKn0-uTA%402k.webp?resize=200%2C200&ssl=1",200,200,true],"newspack-article-block-uncropped":["https:\/\/i0.wp.com\/comentandonline.com\/wp-content\/uploads\/2026\/03\/PYsYc8mUT623h7GKn0-uTA%402k.webp?fit=1024%2C1024&ssl=1",1024,1024,true],"woocommerce_thumbnail":["https:\/\/i0.wp.com\/comentandonline.com\/wp-content\/uploads\/2026\/03\/PYsYc8mUT623h7GKn0-uTA%402k.webp?resize=300%2C300&ssl=1",300,300,true],"woocommerce_single":["https:\/\/i0.wp.com\/comentandonline.com\/wp-content\/uploads\/2026\/03\/PYsYc8mUT623h7GKn0-uTA%402k.webp?fit=600%2C600&ssl=1",600,600,true],"woocommerce_gallery_thumbnail":["https:\/\/i0.wp.com\/comentandonline.com\/wp-content\/uploads\/2026\/03\/PYsYc8mUT623h7GKn0-uTA%402k.webp?resize=100%2C100&ssl=1",100,100,true]},"rttpg_author":{"display_name":"Rede Porto Produ\u00e7\u00f5es.","author_link":"https:\/\/comentandonline.com\/?author=253222392"},"rttpg_comment":0,"rttpg_category":null,"rttpg_excerpt":"Seja bem-vindo e bem-vinda ao cantinho da saudade. Aqui voc\u00ea se encontra em escritos que nos mostram como a saudade \u00e9 um dos principais sentimentos que temos. Talvez, bem talvez, ele seja o melhor dos sentimentos. Aqui voc\u00ea encontrar\u00e1 poemas e textos que refletem sobre o sentir.","_links":{"self":[{"href":"https:\/\/comentandonline.com\/index.php?rest_route=\/wp\/v2\/pages\/829","targetHints":{"allow":["GET"]}}],"collection":[{"href":"https:\/\/comentandonline.com\/index.php?rest_route=\/wp\/v2\/pages"}],"about":[{"href":"https:\/\/comentandonline.com\/index.php?rest_route=\/wp\/v2\/types\/page"}],"author":[{"embeddable":true,"href":"https:\/\/comentandonline.com\/index.php?rest_route=\/wp\/v2\/users\/253222392"}],"replies":[{"embeddable":true,"href":"https:\/\/comentandonline.com\/index.php?rest_route=%2Fwp%2Fv2%2Fcomments&post=829"}],"version-history":[{"count":5,"href":"https:\/\/comentandonline.com\/index.php?rest_route=\/wp\/v2\/pages\/829\/revisions"}],"predecessor-version":[{"id":1595,"href":"https:\/\/comentandonline.com\/index.php?rest_route=\/wp\/v2\/pages\/829\/revisions\/1595"}],"wp:featuredmedia":[{"embeddable":true,"href":"https:\/\/comentandonline.com\/index.php?rest_route=\/wp\/v2\/media\/1593"}],"wp:attachment":[{"href":"https:\/\/comentandonline.com\/index.php?rest_route=%2Fwp%2Fv2%2Fmedia&parent=829"}],"curies":[{"name":"wp","href":"https:\/\/api.w.org\/{rel}","templated":true}]}}